{"id":9,"date":"2018-01-15T21:32:33","date_gmt":"2018-01-15T21:32:33","guid":{"rendered":"https:\/\/amnestylausanne.ch\/?page_id=9"},"modified":"2024-01-09T08:47:39","modified_gmt":"2024-01-09T07:47:39","slug":"contact","status":"publish","type":"page","link":"https:\/\/www.amnestylausanne.ch\/index.php\/contact\/","title":{"rendered":"Rejoignez-nous"},"content":{"rendered":"<p><span style=\"font-size: 1rem;\">Prenez contact avec nous: par<\/span><span style=\"font-size: 1rem;\">\u00a0<\/span><a style=\"font-size: 1rem;\" href=\"mailto:info@amnestylausanne.ch\">email<\/a><span style=\"font-size: 1rem;\">\u00a0<\/span><span style=\"font-size: 1rem;\">ou par message sur<\/span><span style=\"font-size: 1rem;\">\u00a0<\/span><a style=\"font-size: 1rem;\" href=\"https:\/\/www.facebook.com\/amnestylausanne\">notre page Facebook<\/a><\/p>\n<p>Notre <a href=\"https:\/\/www.amnestylausanne.ch\/partage\/index.php\/s\/6jwmFCjnkLj3zAD\">Charte du militantisme<\/a><\/p>\n<p><strong>R\u00e9unions<\/strong><br \/>\nTous les premiers lundis du mois \u00e0 19h (sauf les jours f\u00e9ri\u00e9s et au mois d&#8217;ao\u00fbt)<\/p>\n<p><strong>Adresse<\/strong><br \/>\nP\u00f4le Sud<br \/>\nCentre socioculturel de l\u2019Union Syndicale Vaudoise<br \/>\nSalle Marmara, 2\u00e8me \u00e9tage<br \/>\nAvenue Jean-Jacques Mercier 3 (Flon)<br \/>\n1003 Lausanne<\/p>\n<p><a href=\"https:\/\/goo.gl\/maps\/vtE35Poa7ND2\">Google Maps<\/a><\/p>\n","protected":false},"excerpt":{"rendered":"<p>Prenez contact avec nous: par\u00a0email\u00a0ou par message sur\u00a0notre page Facebook Notre Charte du militantisme R\u00e9unions Tous les premiers lundis du mois \u00e0 19h (sauf les jours f\u00e9ri\u00e9s et au mois d&#8217;ao\u00fbt) Adresse P\u00f4le Sud Centre socioculturel de l\u2019Union Syndicale Vaudoise Salle Marmara, 2\u00e8me \u00e9tage Avenue Jean-Jacques Mercier 3 (Flon) 1003 Lausanne Google Maps<\/p>\n","protected":false},"author":1,"featured_media":0,"parent":0,"menu_order":0,"comment_status":"closed","ping_status":"closed","template":"","meta":{"footnotes":""},"class_list":["post-9","page","type-page","status-publish","hentry"],"_links":{"self":[{"href":"https:\/\/www.amnestylausanne.ch\/index.php\/wp-json\/wp\/v2\/pages\/9","targetHints":{"allow":["GET"]}}],"collection":[{"href":"https:\/\/www.amnestylausanne.ch\/index.php\/wp-json\/wp\/v2\/pages"}],"about":[{"href":"https:\/\/www.amnestylausanne.ch\/index.php\/wp-json\/wp\/v2\/types\/page"}],"author":[{"embeddable":true,"href":"https:\/\/www.amnestylausanne.ch\/index.php\/wp-json\/wp\/v2\/users\/1"}],"replies":[{"embeddable":true,"href":"https:\/\/www.amnestylausanne.ch\/index.php\/wp-json\/wp\/v2\/comments?post=9"}],"version-history":[{"count":10,"href":"https:\/\/www.amnestylausanne.ch\/index.php\/wp-json\/wp\/v2\/pages\/9\/revisions"}],"predecessor-version":[{"id":118,"href":"https:\/\/www.amnestylausanne.ch\/index.php\/wp-json\/wp\/v2\/pages\/9\/revisions\/118"}],"wp:attachment":[{"href":"https:\/\/www.amnestylausanne.ch\/index.php\/wp-json\/wp\/v2\/media?parent=9"}],"curies":[{"name":"wp","href":"https:\/\/api.w.org\/{rel}","templated":true}]}}